{"id":1282,"date":"2021-12-01T10:00:01","date_gmt":"2021-12-01T09:00:01","guid":{"rendered":"https:\/\/gpsites.co\/dispatch\/?page_id=1282"},"modified":"2022-01-13T23:13:10","modified_gmt":"2022-01-13T22:13:10","slug":"accueil","status":"publish","type":"page","link":"https:\/\/www.magic4media.com\/blog\/","title":{"rendered":"Accueil"},"content":{"rendered":"<h2>Actualit\u00e9s<\/h2>\n<p><style>.wp-show-posts-columns#wpsp-1275 {margin-left: -2em; }.wp-show-posts-columns#wpsp-1275 .wp-show-posts-inner {margin: 0 0 2em 2em; }<\/style><section id=\"wpsp-1275\" class=\" wp-show-posts-columns wp-show-posts\" style=\"\"><article class=\" wp-show-posts-single post-3077 post type-post status-publish format-standard has-post-thumbnail hentry category-actualites wpsp-col-6\" itemtype=\"https:\/\/schema.org\/CreativeWork\" itemscope><div class=\"wp-show-posts-inner\" style=\"\">\t\t<div class=\"wp-show-posts-image  wpsp-image-center \">\n\t\t\t<a href=\"https:\/\/www.magic4media.com\/blog\/goodies-solidaires-faites-la-difference\/\" title=\"Les goodies solidaires, fa\u00eetes la diff\u00e9rence !\"><img fetchpriority=\"high\" decoding=\"async\" width=\"1536\" height=\"1024\" src=\"https:\/\/www.magic4media.com\/blog\/wp-content\/uploads\/2024\/04\/Les-goodies-solidaires-faites-la-difference-1.jpg\" class=\"attachment-full size-full wp-post-image\" alt=\"\" itemprop=\"image\" srcset=\"https:\/\/www.magic4media.com\/blog\/wp-content\/uploads\/2024\/04\/Les-goodies-solidaires-faites-la-difference-1.jpg 1536w, https:\/\/www.magic4media.com\/blog\/wp-content\/uploads\/2024\/04\/Les-goodies-solidaires-faites-la-difference-1-300x200.jpg 300w, https:\/\/www.magic4media.com\/blog\/wp-content\/uploads\/2024\/04\/Les-goodies-solidaires-faites-la-difference-1-1024x683.jpg 1024w, https:\/\/www.magic4media.com\/blog\/wp-content\/uploads\/2024\/04\/Les-goodies-solidaires-faites-la-difference-1-768x512.jpg 768w\" sizes=\"(max-width: 1536px) 100vw, 1536px\" \/><\/a>\t\t<\/div>\n\t\t\t\t\t\t\t\t<header class=\"wp-show-posts-entry-header\">\n\t\t\t\t\t\t\t<h2 class=\"wp-show-posts-entry-title\" itemprop=\"headline\"><a href=\"https:\/\/www.magic4media.com\/blog\/goodies-solidaires-faites-la-difference\/\" rel=\"bookmark\">Les goodies solidaires, fa\u00eetes la diff\u00e9rence !<\/a><\/h2>\t\t\t\t\t\t<\/header><!-- .entry-header -->\n\t\t\t\t\t\t\t\t\t\t\t<div class=\"wp-show-posts-entry-summary\" itemprop=\"text\">\n\t\t\t\t\t\t\t<p>Au c\u0153ur de l&rsquo;\u00e9volution du monde des affaires vers une conscience sociale et environnementale accrue, les goodies solidaires tel que le bracelet solidaire, l&rsquo;\u00e9tiquette \u00e0&#8230;<a href=\"https:\/\/www.magic4media.com\/blog\/goodies-solidaires-faites-la-difference\/\">Lire la suite<\/a><\/p>\n\t\t\t\t\t\t<\/div><!-- .entry-summary -->\n\t\t\t\t\t<div class=\"wp-show-posts-entry-meta wp-show-posts-entry-meta-below-post post-meta-stack\"><span class=\"wp-show-posts-terms wp-show-posts-meta\"><a href=\"https:\/\/www.magic4media.com\/blog\/category\/actualites\/\" rel=\"tag\">Actualit\u00e9s<\/a><\/span><\/div><\/div><!-- wp-show-posts-inner --><\/article><article class=\" wp-show-posts-single post-2975 post type-post status-publish format-standard has-post-thumbnail hentry category-actualites category-conseils wpsp-col-6\" itemtype=\"https:\/\/schema.org\/CreativeWork\" itemscope><div class=\"wp-show-posts-inner\" style=\"\">\t\t<div class=\"wp-show-posts-image  wpsp-image-center \">\n\t\t\t<a href=\"https:\/\/www.magic4media.com\/blog\/les-goodies-lors-dun-evenement-sportif\/\" title=\"Quels goodies distribuer lors d&rsquo;un \u00e9v\u00e8nement sportif ?\"><img decoding=\"async\" width=\"1536\" height=\"1024\" src=\"https:\/\/www.magic4media.com\/blog\/wp-content\/uploads\/2024\/03\/Quels-goodies-distribuer-lors-dun-evenement-sportif-1.jpg\" class=\"attachment-full size-full wp-post-image\" alt=\"Quels goodies distribuer lors d&#039;un \u00e9v\u00e8nement sportif\" itemprop=\"image\" srcset=\"https:\/\/www.magic4media.com\/blog\/wp-content\/uploads\/2024\/03\/Quels-goodies-distribuer-lors-dun-evenement-sportif-1.jpg 1536w, https:\/\/www.magic4media.com\/blog\/wp-content\/uploads\/2024\/03\/Quels-goodies-distribuer-lors-dun-evenement-sportif-1-300x200.jpg 300w, https:\/\/www.magic4media.com\/blog\/wp-content\/uploads\/2024\/03\/Quels-goodies-distribuer-lors-dun-evenement-sportif-1-1024x683.jpg 1024w, https:\/\/www.magic4media.com\/blog\/wp-content\/uploads\/2024\/03\/Quels-goodies-distribuer-lors-dun-evenement-sportif-1-768x512.jpg 768w\" sizes=\"(max-width: 1536px) 100vw, 1536px\" \/><\/a>\t\t<\/div>\n\t\t\t\t\t\t\t\t<header class=\"wp-show-posts-entry-header\">\n\t\t\t\t\t\t\t<h2 class=\"wp-show-posts-entry-title\" itemprop=\"headline\"><a href=\"https:\/\/www.magic4media.com\/blog\/les-goodies-lors-dun-evenement-sportif\/\" rel=\"bookmark\">Quels goodies distribuer lors d&rsquo;un \u00e9v\u00e8nement sportif ?<\/a><\/h2>\t\t\t\t\t\t<\/header><!-- .entry-header -->\n\t\t\t\t\t\t\t\t\t\t\t<div class=\"wp-show-posts-entry-summary\" itemprop=\"text\">\n\t\t\t\t\t\t\t<p>Lors de comp\u00e9titions sportives, la distribution de goodies fait partie int\u00e9grante de la communication d&rsquo;une marque. Cette m\u00e9thode est \u00e9galement tr\u00e8s efficace, afin de faire&#8230;<a href=\"https:\/\/www.magic4media.com\/blog\/les-goodies-lors-dun-evenement-sportif\/\">Lire la suite<\/a><\/p>\n\t\t\t\t\t\t<\/div><!-- .entry-summary -->\n\t\t\t\t\t<div class=\"wp-show-posts-entry-meta wp-show-posts-entry-meta-below-post post-meta-stack\"><span class=\"wp-show-posts-terms wp-show-posts-meta\"><a href=\"https:\/\/www.magic4media.com\/blog\/category\/actualites\/\" rel=\"tag\">Actualit\u00e9s<\/a>, <a href=\"https:\/\/www.magic4media.com\/blog\/category\/conseils\/\" rel=\"tag\">Conseils<\/a><\/span><\/div><\/div><!-- wp-show-posts-inner --><\/article><article class=\" wp-show-posts-single post-1406 post type-post status-publish format-standard has-post-thumbnail hentry category-actualites category-top-goodies wpsp-col-6\" itemtype=\"https:\/\/schema.org\/CreativeWork\" itemscope><div class=\"wp-show-posts-inner\" style=\"\">\t\t<div class=\"wp-show-posts-image  wpsp-image-center \">\n\t\t\t<a href=\"https:\/\/www.magic4media.com\/blog\/top-10-des-idees-cadeaux-de-fin-dannee\/\" title=\"Top 10 des id\u00e9es cadeaux de fin d&rsquo;ann\u00e9e\"><img decoding=\"async\" width=\"1536\" height=\"1024\" src=\"https:\/\/www.magic4media.com\/blog\/wp-content\/uploads\/2023\/11\/Top-10-des-idees-cadeaux-de-fin-dannee-2023-1.jpg\" class=\"attachment-full size-full wp-post-image\" alt=\"Top 10 des id\u00e9es cadeaux de fin d&#039;ann\u00e9e 2023\" itemprop=\"image\" srcset=\"https:\/\/www.magic4media.com\/blog\/wp-content\/uploads\/2023\/11\/Top-10-des-idees-cadeaux-de-fin-dannee-2023-1.jpg 1536w, https:\/\/www.magic4media.com\/blog\/wp-content\/uploads\/2023\/11\/Top-10-des-idees-cadeaux-de-fin-dannee-2023-1-300x200.jpg 300w, https:\/\/www.magic4media.com\/blog\/wp-content\/uploads\/2023\/11\/Top-10-des-idees-cadeaux-de-fin-dannee-2023-1-1024x683.jpg 1024w, https:\/\/www.magic4media.com\/blog\/wp-content\/uploads\/2023\/11\/Top-10-des-idees-cadeaux-de-fin-dannee-2023-1-768x512.jpg 768w\" sizes=\"(max-width: 1536px) 100vw, 1536px\" \/><\/a>\t\t<\/div>\n\t\t\t\t\t\t\t\t<header class=\"wp-show-posts-entry-header\">\n\t\t\t\t\t\t\t<h2 class=\"wp-show-posts-entry-title\" itemprop=\"headline\"><a href=\"https:\/\/www.magic4media.com\/blog\/top-10-des-idees-cadeaux-de-fin-dannee\/\" rel=\"bookmark\">Top 10 des id\u00e9es cadeaux de fin d&rsquo;ann\u00e9e<\/a><\/h2>\t\t\t\t\t\t<\/header><!-- .entry-header -->\n\t\t\t\t\t\t\t\t\t\t\t<div class=\"wp-show-posts-entry-summary\" itemprop=\"text\">\n\t\t\t\t\t\t\t<p>L&rsquo;importance des cadeaux de fin d&rsquo;ann\u00e9e A l&rsquo;approche des f\u00eates de fin d&rsquo;ann\u00e9e, le choix des cadeaux est plus que jamais d&rsquo;actualit\u00e9. Montrez \u00e0 vos&#8230;<a href=\"https:\/\/www.magic4media.com\/blog\/top-10-des-idees-cadeaux-de-fin-dannee\/\">Lire la suite<\/a><\/p>\n\t\t\t\t\t\t<\/div><!-- .entry-summary -->\n\t\t\t\t\t<div class=\"wp-show-posts-entry-meta wp-show-posts-entry-meta-below-post post-meta-stack\"><span class=\"wp-show-posts-terms wp-show-posts-meta\"><a href=\"https:\/\/www.magic4media.com\/blog\/category\/actualites\/\" rel=\"tag\">Actualit\u00e9s<\/a>, <a href=\"https:\/\/www.magic4media.com\/blog\/category\/top-goodies\/\" rel=\"tag\">Top Goodies<\/a><\/span><\/div><\/div><!-- wp-show-posts-inner --><\/article><article class=\" wp-show-posts-single post-2699 post type-post status-publish format-standard has-post-thumbnail hentry category-actualites category-conseils tag-communication tag-entreprise tag-goodies tag-objets-publicitaires wpsp-col-6\" itemtype=\"https:\/\/schema.org\/CreativeWork\" itemscope><div class=\"wp-show-posts-inner\" style=\"\">\t\t<div class=\"wp-show-posts-image  wpsp-image-center \">\n\t\t\t<a href=\"https:\/\/www.magic4media.com\/blog\/les-objets-publicitaires\/\" title=\"Quels objets publicitaires pour am\u00e9liorer la communication d\u2019une entreprise\"><img loading=\"lazy\" decoding=\"async\" width=\"1536\" height=\"1024\" src=\"https:\/\/www.magic4media.com\/blog\/wp-content\/uploads\/2023\/02\/Quels-objets-publicitaires-pour-ameliorer-la-communication-dune-entreprise-1.jpg\" class=\"attachment-full size-full wp-post-image\" alt=\"Quels objets publicitaires pour am\u00e9liorer la communication d\u2019une entreprise\" itemprop=\"image\" srcset=\"https:\/\/www.magic4media.com\/blog\/wp-content\/uploads\/2023\/02\/Quels-objets-publicitaires-pour-ameliorer-la-communication-dune-entreprise-1.jpg 1536w, https:\/\/www.magic4media.com\/blog\/wp-content\/uploads\/2023\/02\/Quels-objets-publicitaires-pour-ameliorer-la-communication-dune-entreprise-1-300x200.jpg 300w, https:\/\/www.magic4media.com\/blog\/wp-content\/uploads\/2023\/02\/Quels-objets-publicitaires-pour-ameliorer-la-communication-dune-entreprise-1-1024x683.jpg 1024w, https:\/\/www.magic4media.com\/blog\/wp-content\/uploads\/2023\/02\/Quels-objets-publicitaires-pour-ameliorer-la-communication-dune-entreprise-1-768x512.jpg 768w\" sizes=\"(max-width: 1536px) 100vw, 1536px\" \/><\/a>\t\t<\/div>\n\t\t\t\t\t\t\t\t<header class=\"wp-show-posts-entry-header\">\n\t\t\t\t\t\t\t<h2 class=\"wp-show-posts-entry-title\" itemprop=\"headline\"><a href=\"https:\/\/www.magic4media.com\/blog\/les-objets-publicitaires\/\" rel=\"bookmark\">Quels objets publicitaires pour am\u00e9liorer la communication d\u2019une entreprise<\/a><\/h2>\t\t\t\t\t\t<\/header><!-- .entry-header -->\n\t\t\t\t\t\t\t\t\t\t\t<div class=\"wp-show-posts-entry-summary\" itemprop=\"text\">\n\t\t\t\t\t\t\t<p>L&rsquo;objet publicitaire c&rsquo;est quoi ? Dans un monde de plus en plus concurrentiel, la communication efficace est cruciale pour les entreprises. Cependant, il peut \u00eatre&#8230;<a href=\"https:\/\/www.magic4media.com\/blog\/les-objets-publicitaires\/\">Lire la suite<\/a><\/p>\n\t\t\t\t\t\t<\/div><!-- .entry-summary -->\n\t\t\t\t\t<div class=\"wp-show-posts-entry-meta wp-show-posts-entry-meta-below-post post-meta-stack\"><span class=\"wp-show-posts-terms wp-show-posts-meta\"><a href=\"https:\/\/www.magic4media.com\/blog\/category\/actualites\/\" rel=\"tag\">Actualit\u00e9s<\/a>, <a href=\"https:\/\/www.magic4media.com\/blog\/category\/conseils\/\" rel=\"tag\">Conseils<\/a><\/span><\/div><\/div><!-- wp-show-posts-inner --><\/article><div class=\"wpsp-clear\"><\/div><\/section><!-- .wp-show-posts --><!-- using the Standard List --><\/p>\n<hr>\n<h2>Conseils<\/h2>\n<div class=\"wpsp-align\"><style>.wp-show-posts-columns#wpsp-1279 {margin-left: -2em; }.wp-show-posts-columns#wpsp-1279 .wp-show-posts-inner {margin: 0 0 2em 2em; }<\/style><section id=\"wpsp-1279\" class=\" wp-show-posts\" style=\"\"><article class=\" wp-show-posts-single wpsp-clearfix post-3493 post type-post status-publish format-standard has-post-thumbnail hentry category-conseils\" itemtype=\"https:\/\/schema.org\/CreativeWork\" itemscope><div class=\"wp-show-posts-inner\" style=\"\">\t\t<div class=\"wp-show-posts-image  wpsp-image-left \">\n\t\t\t<a href=\"https:\/\/www.magic4media.com\/blog\/la-broderie-le-guide-complet\/\" title=\"Broderie : guide pour personnaliser vos v\u00eatements publicitaires\"><img loading=\"lazy\" decoding=\"async\" width=\"1536\" height=\"1024\" src=\"https:\/\/www.magic4media.com\/blog\/wp-content\/uploads\/2024\/07\/Image-page-daccueil-article-de-blog-dimensions-co-1.jpg\" class=\"attachment-full size-full wp-post-image\" alt=\"la broderie\" itemprop=\"image\" srcset=\"https:\/\/www.magic4media.com\/blog\/wp-content\/uploads\/2024\/07\/Image-page-daccueil-article-de-blog-dimensions-co-1.jpg 1536w, https:\/\/www.magic4media.com\/blog\/wp-content\/uploads\/2024\/07\/Image-page-daccueil-article-de-blog-dimensions-co-1-300x200.jpg 300w, https:\/\/www.magic4media.com\/blog\/wp-content\/uploads\/2024\/07\/Image-page-daccueil-article-de-blog-dimensions-co-1-1024x683.jpg 1024w, https:\/\/www.magic4media.com\/blog\/wp-content\/uploads\/2024\/07\/Image-page-daccueil-article-de-blog-dimensions-co-1-768x512.jpg 768w\" sizes=\"(max-width: 1536px) 100vw, 1536px\" \/><\/a>\t\t<\/div>\n\t\t\t\t\t\t\t\t<header class=\"wp-show-posts-entry-header\">\n\t\t\t\t\t\t\t<h2 class=\"wp-show-posts-entry-title\" itemprop=\"headline\"><a href=\"https:\/\/www.magic4media.com\/blog\/la-broderie-le-guide-complet\/\" rel=\"bookmark\">Broderie : guide pour personnaliser vos v\u00eatements publicitaires<\/a><\/h2>\t\t\t\t\t\t<\/header><!-- .entry-header -->\n\t\t\t\t\t\t\t\t\t\t\t<div class=\"wp-show-posts-entry-summary\" itemprop=\"text\">\n\t\t\t\t\t\t\t<p>Vous avez s\u00fbrement d\u00e9j\u00e0 admir\u00e9 ces jolies finitions sur vos v\u00eatements pr\u00e9f\u00e9r\u00e9s, ces logos d&rsquo;entreprise impeccablement cousus sur des polos ou encore ces motifs complexes ornant les casquettes de votre \u00e9quipe sportive favorite. D\u00e9finition La broderie est une technique artisanale consistant \u00e0 orner un tissu ou un autre mat\u00e9riau en y cousant des motifs \u00e0&#8230;<a href=\"https:\/\/www.magic4media.com\/blog\/la-broderie-le-guide-complet\/\">Lire la suite<\/a><\/p>\n\t\t\t\t\t\t<\/div><!-- .entry-summary -->\n\t\t\t\t\t<div class=\"wp-show-posts-entry-meta wp-show-posts-entry-meta-below-post post-meta-stack\"><span class=\"wp-show-posts-terms wp-show-posts-meta\"><a href=\"https:\/\/www.magic4media.com\/blog\/category\/conseils\/\" rel=\"tag\">Conseils<\/a><\/span><\/div><\/div><!-- wp-show-posts-inner --><div class=\"wpsp-clear\"><\/div><\/article><article class=\" wp-show-posts-single wpsp-clearfix post-3347 post type-post status-publish format-standard has-post-thumbnail hentry category-conseils\" itemtype=\"https:\/\/schema.org\/CreativeWork\" itemscope><div class=\"wp-show-posts-inner\" style=\"\">\t\t<div class=\"wp-show-posts-image  wpsp-image-left \">\n\t\t\t<a href=\"https:\/\/www.magic4media.com\/blog\/serigraphie-guide-pour-vos-goodies\/\" title=\"S\u00e9rigraphie: guide pour personnaliser vos goodies\"><img loading=\"lazy\" decoding=\"async\" width=\"1536\" height=\"1024\" src=\"https:\/\/www.magic4media.com\/blog\/wp-content\/uploads\/2024\/07\/brstgs-1.jpg\" class=\"attachment-full size-full wp-post-image\" alt=\"la s\u00e9rigraphie\" itemprop=\"image\" srcset=\"https:\/\/www.magic4media.com\/blog\/wp-content\/uploads\/2024\/07\/brstgs-1.jpg 1536w, https:\/\/www.magic4media.com\/blog\/wp-content\/uploads\/2024\/07\/brstgs-1-300x200.jpg 300w, https:\/\/www.magic4media.com\/blog\/wp-content\/uploads\/2024\/07\/brstgs-1-1024x683.jpg 1024w, https:\/\/www.magic4media.com\/blog\/wp-content\/uploads\/2024\/07\/brstgs-1-768x512.jpg 768w\" sizes=\"(max-width: 1536px) 100vw, 1536px\" \/><\/a>\t\t<\/div>\n\t\t\t\t\t\t\t\t<header class=\"wp-show-posts-entry-header\">\n\t\t\t\t\t\t\t<h2 class=\"wp-show-posts-entry-title\" itemprop=\"headline\"><a href=\"https:\/\/www.magic4media.com\/blog\/serigraphie-guide-pour-vos-goodies\/\" rel=\"bookmark\">S\u00e9rigraphie: guide pour personnaliser vos goodies<\/a><\/h2>\t\t\t\t\t\t<\/header><!-- .entry-header -->\n\t\t\t\t\t\t\t\t\t\t\t<div class=\"wp-show-posts-entry-summary\" itemprop=\"text\">\n\t\t\t\t\t\t\t<p>La s\u00e9rigraphie est une technique d&rsquo;impression qui utilise un \u00e9cran comme support pour transf\u00e9rer de l&rsquo;encre sur une surface. Cette m\u00e9thode, bien que traditionnelle, demeure extr\u00eamement populaire en raison de sa polyvalence et de sa capacit\u00e9 \u00e0 produire des r\u00e9sultats durables et de haute qualit\u00e9. D\u00e9finition La s\u00e9rigraphie est une technique de marquage o\u00f9 l&rsquo;encre&#8230;<a href=\"https:\/\/www.magic4media.com\/blog\/serigraphie-guide-pour-vos-goodies\/\">Lire la suite<\/a><\/p>\n\t\t\t\t\t\t<\/div><!-- .entry-summary -->\n\t\t\t\t\t<div class=\"wp-show-posts-entry-meta wp-show-posts-entry-meta-below-post post-meta-stack\"><span class=\"wp-show-posts-terms wp-show-posts-meta\"><a href=\"https:\/\/www.magic4media.com\/blog\/category\/conseils\/\" rel=\"tag\">Conseils<\/a><\/span><\/div><\/div><!-- wp-show-posts-inner --><div class=\"wpsp-clear\"><\/div><\/article><\/section><!-- .wp-show-posts --><\/div>\n<p><!-- Using the Align List --><\/p>\n<hr>\n<h2>Top Goodies<\/h2>\n<div class=\"wpsp-card\"><style>.wp-show-posts-columns#wpsp-1471 {margin-left: -2em; }.wp-show-posts-columns#wpsp-1471 .wp-show-posts-inner {margin: 0 0 2em 2em; }<\/style><section id=\"wpsp-1471\" class=\" wp-show-posts-columns wp-show-posts\" style=\"\"><article class=\" wp-show-posts-single post-3415 post type-post status-publish format-standard has-post-thumbnail hentry category-made-in-france category-top-goodies wpsp-col-6\" itemtype=\"https:\/\/schema.org\/CreativeWork\" itemscope><div class=\"wp-show-posts-inner\" style=\"\">\t\t<div class=\"wp-show-posts-image  wpsp-image-center \">\n\t\t\t<a href=\"https:\/\/www.magic4media.com\/blog\/top-10-des-goodies-made-in-france\/\" title=\"TOP 10 des goodies Made In France\"><img loading=\"lazy\" decoding=\"async\" width=\"1536\" height=\"1024\" src=\"https:\/\/www.magic4media.com\/blog\/wp-content\/uploads\/2024\/07\/made-in-france-33-1.jpg\" class=\"attachment-full size-full wp-post-image\" alt=\"made in france\" itemprop=\"image\" srcset=\"https:\/\/www.magic4media.com\/blog\/wp-content\/uploads\/2024\/07\/made-in-france-33-1.jpg 1536w, https:\/\/www.magic4media.com\/blog\/wp-content\/uploads\/2024\/07\/made-in-france-33-1-300x200.jpg 300w, https:\/\/www.magic4media.com\/blog\/wp-content\/uploads\/2024\/07\/made-in-france-33-1-1024x683.jpg 1024w, https:\/\/www.magic4media.com\/blog\/wp-content\/uploads\/2024\/07\/made-in-france-33-1-768x512.jpg 768w\" sizes=\"(max-width: 1536px) 100vw, 1536px\" \/><\/a>\t\t<\/div>\n\t\t\t\t\t\t\t\t<header class=\"wp-show-posts-entry-header\">\n\t\t\t\t\t\t\t<h2 class=\"wp-show-posts-entry-title\" itemprop=\"headline\"><a href=\"https:\/\/www.magic4media.com\/blog\/top-10-des-goodies-made-in-france\/\" rel=\"bookmark\">TOP 10 des goodies Made In France<\/a><\/h2>\t\t\t\t\t\t<\/header><!-- .entry-header -->\n\t\t\t\t\t<\/div><!-- wp-show-posts-inner --><\/article><article class=\" wp-show-posts-single post-3195 post type-post status-publish format-standard has-post-thumbnail hentry category-top-goodies wpsp-col-6\" itemtype=\"https:\/\/schema.org\/CreativeWork\" itemscope><div class=\"wp-show-posts-inner\" style=\"\">\t\t<div class=\"wp-show-posts-image  wpsp-image-center \">\n\t\t\t<a href=\"https:\/\/www.magic4media.com\/blog\/goodies-pour-le-sport\/\" title=\"Top 10 des goodies pour le sport\"><img loading=\"lazy\" decoding=\"async\" width=\"1536\" height=\"1024\" src=\"https:\/\/www.magic4media.com\/blog\/wp-content\/uploads\/2024\/06\/Top-10-des-goodies-pour-le-sport.-1.jpg\" class=\"attachment-full size-full wp-post-image\" alt=\"Top 10 des goodies pour le sport.\" itemprop=\"image\" srcset=\"https:\/\/www.magic4media.com\/blog\/wp-content\/uploads\/2024\/06\/Top-10-des-goodies-pour-le-sport.-1.jpg 1536w, https:\/\/www.magic4media.com\/blog\/wp-content\/uploads\/2024\/06\/Top-10-des-goodies-pour-le-sport.-1-300x200.jpg 300w, https:\/\/www.magic4media.com\/blog\/wp-content\/uploads\/2024\/06\/Top-10-des-goodies-pour-le-sport.-1-1024x683.jpg 1024w, https:\/\/www.magic4media.com\/blog\/wp-content\/uploads\/2024\/06\/Top-10-des-goodies-pour-le-sport.-1-768x512.jpg 768w\" sizes=\"(max-width: 1536px) 100vw, 1536px\" \/><\/a>\t\t<\/div>\n\t\t\t\t\t\t\t\t<header class=\"wp-show-posts-entry-header\">\n\t\t\t\t\t\t\t<h2 class=\"wp-show-posts-entry-title\" itemprop=\"headline\"><a href=\"https:\/\/www.magic4media.com\/blog\/goodies-pour-le-sport\/\" rel=\"bookmark\">Top 10 des goodies pour le sport<\/a><\/h2>\t\t\t\t\t\t<\/header><!-- .entry-header -->\n\t\t\t\t\t<\/div><!-- wp-show-posts-inner --><\/article><article class=\" wp-show-posts-single post-3017 post type-post status-publish format-standard has-post-thumbnail hentry category-actualites category-top-goodies wpsp-col-6\" itemtype=\"https:\/\/schema.org\/CreativeWork\" itemscope><div class=\"wp-show-posts-inner\" style=\"\">\t\t<div class=\"wp-show-posts-image  wpsp-image-center \">\n\t\t\t<a href=\"https:\/\/www.magic4media.com\/blog\/goodies-pour-des-aventures-en-plein-air\/\" title=\"Top 10 des goodies pour des aventures en plein air\"><img loading=\"lazy\" decoding=\"async\" width=\"1536\" height=\"1024\" src=\"https:\/\/www.magic4media.com\/blog\/wp-content\/uploads\/2024\/05\/Top-10-des-goodies-pour-des-aventures-en-plein-air1.jpg\" class=\"attachment-full size-full wp-post-image\" alt=\"Top 10 des goodies pour des aventures en plein air\" itemprop=\"image\" srcset=\"https:\/\/www.magic4media.com\/blog\/wp-content\/uploads\/2024\/05\/Top-10-des-goodies-pour-des-aventures-en-plein-air1.jpg 1536w, https:\/\/www.magic4media.com\/blog\/wp-content\/uploads\/2024\/05\/Top-10-des-goodies-pour-des-aventures-en-plein-air1-300x200.jpg 300w, https:\/\/www.magic4media.com\/blog\/wp-content\/uploads\/2024\/05\/Top-10-des-goodies-pour-des-aventures-en-plein-air1-1024x683.jpg 1024w, https:\/\/www.magic4media.com\/blog\/wp-content\/uploads\/2024\/05\/Top-10-des-goodies-pour-des-aventures-en-plein-air1-768x512.jpg 768w\" sizes=\"(max-width: 1536px) 100vw, 1536px\" \/><\/a>\t\t<\/div>\n\t\t\t\t\t\t\t\t<header class=\"wp-show-posts-entry-header\">\n\t\t\t\t\t\t\t<h2 class=\"wp-show-posts-entry-title\" itemprop=\"headline\"><a href=\"https:\/\/www.magic4media.com\/blog\/goodies-pour-des-aventures-en-plein-air\/\" rel=\"bookmark\">Top 10 des goodies pour des aventures en plein air<\/a><\/h2>\t\t\t\t\t\t<\/header><!-- .entry-header -->\n\t\t\t\t\t<\/div><!-- wp-show-posts-inner --><\/article><article class=\" wp-show-posts-single post-2829 post type-post status-publish format-standard has-post-thumbnail hentry category-top-goodies wpsp-col-6\" itemtype=\"https:\/\/schema.org\/CreativeWork\" itemscope><div class=\"wp-show-posts-inner\" style=\"\">\t\t<div class=\"wp-show-posts-image  wpsp-image-center \">\n\t\t\t<a href=\"https:\/\/www.magic4media.com\/blog\/top-10-des-goodies-pour-affronter-lhiver\/\" title=\"Top 10 des Goodies pour affronter l&rsquo;hiver\"><img loading=\"lazy\" decoding=\"async\" width=\"1536\" height=\"1024\" src=\"https:\/\/www.magic4media.com\/blog\/wp-content\/uploads\/2023\/12\/Top-10-des-Goodies-pour-affronter-lhiver-1.jpg\" class=\"attachment-full size-full wp-post-image\" alt=\"Top 10 des Goodies pour affronter l&#039;hiver\" itemprop=\"image\" srcset=\"https:\/\/www.magic4media.com\/blog\/wp-content\/uploads\/2023\/12\/Top-10-des-Goodies-pour-affronter-lhiver-1.jpg 1536w, https:\/\/www.magic4media.com\/blog\/wp-content\/uploads\/2023\/12\/Top-10-des-Goodies-pour-affronter-lhiver-1-300x200.jpg 300w, https:\/\/www.magic4media.com\/blog\/wp-content\/uploads\/2023\/12\/Top-10-des-Goodies-pour-affronter-lhiver-1-1024x683.jpg 1024w, https:\/\/www.magic4media.com\/blog\/wp-content\/uploads\/2023\/12\/Top-10-des-Goodies-pour-affronter-lhiver-1-768x512.jpg 768w\" sizes=\"(max-width: 1536px) 100vw, 1536px\" \/><\/a>\t\t<\/div>\n\t\t\t\t\t\t\t\t<header class=\"wp-show-posts-entry-header\">\n\t\t\t\t\t\t\t<h2 class=\"wp-show-posts-entry-title\" itemprop=\"headline\"><a href=\"https:\/\/www.magic4media.com\/blog\/top-10-des-goodies-pour-affronter-lhiver\/\" rel=\"bookmark\">Top 10 des Goodies pour affronter l&rsquo;hiver<\/a><\/h2>\t\t\t\t\t\t<\/header><!-- .entry-header -->\n\t\t\t\t\t<\/div><!-- wp-show-posts-inner --><\/article><div class=\"wpsp-clear\"><\/div><\/section><!-- .wp-show-posts --><\/div>\n<p><!-- Using the Simple List --><\/p>\n\n\n<p><\/p>\n","protected":false},"excerpt":{"rendered":"<p>Actualit\u00e9s Conseils Top Goodies<\/p>\n","protected":false},"author":1,"featured_media":0,"parent":0,"menu_order":0,"comment_status":"closed","ping_status":"closed","template":"","meta":{"footnotes":""},"class_list":["post-1282","page","type-page","status-publish","hentry","infinite-scroll-item","generate-columns","tablet-grid-50","mobile-grid-100","grid-parent","grid-33"],"_links":{"self":[{"href":"https:\/\/www.magic4media.com\/blog\/wp-json\/wp\/v2\/pages\/1282","targetHints":{"allow":["GET"]}}],"collection":[{"href":"https:\/\/www.magic4media.com\/blog\/wp-json\/wp\/v2\/pages"}],"about":[{"href":"https:\/\/www.magic4media.com\/blog\/wp-json\/wp\/v2\/types\/page"}],"author":[{"embeddable":true,"href":"https:\/\/www.magic4media.com\/blog\/wp-json\/wp\/v2\/users\/1"}],"replies":[{"embeddable":true,"href":"https:\/\/www.magic4media.com\/blog\/wp-json\/wp\/v2\/comments?post=1282"}],"version-history":[{"count":1,"href":"https:\/\/www.magic4media.com\/blog\/wp-json\/wp\/v2\/pages\/1282\/revisions"}],"predecessor-version":[{"id":2299,"href":"https:\/\/www.magic4media.com\/blog\/wp-json\/wp\/v2\/pages\/1282\/revisions\/2299"}],"wp:attachment":[{"href":"https:\/\/www.magic4media.com\/blog\/wp-json\/wp\/v2\/media?parent=1282"}],"curies":[{"name":"wp","href":"https:\/\/api.w.org\/{rel}","templated":true}]}}